{"id":1865,"date":"2020-01-31T07:42:14","date_gmt":"2020-01-31T06:42:14","guid":{"rendered":"https:\/\/culturaclasica.net\/ludi_saguntini\/?page_id=1865"},"modified":"2026-01-14T22:37:03","modified_gmt":"2026-01-14T21:37:03","slug":"teatre-olimposchola","status":"publish","type":"page","link":"https:\/\/culturaclasica.net\/ludi_saguntini\/ca\/teatre-olimposchola\/","title":{"rendered":"Teatre OlimpoSchola"},"content":{"rendered":"<p><\/p>\n<h1 style=\"text-align: center;\">Teatre Olimp 2026<\/h1>\n<h3 style=\"text-align: center;\">OBRA TEATRE DE DIMARTS I DIMECRES<\/h3>\n<p><a href=\"https:\/\/culturaclasica.net\/ludi_saguntini\/teatre-olimposchola\/ulises\/\" rel=\"attachment wp-att-2390\"><img loading=\"lazy\" decoding=\"async\" class=\"aligncenter size-medium wp-image-2390\" src=\"https:\/\/culturaclasica.net\/ludi_saguntini\/wp-content\/uploads\/2025\/12\/Ulises-300x102.png\" alt=\"\" width=\"300\" height=\"102\" srcset=\"https:\/\/culturaclasica.net\/ludi_saguntini\/wp-content\/uploads\/2025\/12\/Ulises-200x68.png 200w, https:\/\/culturaclasica.net\/ludi_saguntini\/wp-content\/uploads\/2025\/12\/Ulises-300x102.png 300w, https:\/\/culturaclasica.net\/ludi_saguntini\/wp-content\/uploads\/2025\/12\/Ulises-400x136.png 400w, https:\/\/culturaclasica.net\/ludi_saguntini\/wp-content\/uploads\/2025\/12\/Ulises-600x204.png 600w, https:\/\/culturaclasica.net\/ludi_saguntini\/wp-content\/uploads\/2025\/12\/Ulises-768x261.png 768w, https:\/\/culturaclasica.net\/ludi_saguntini\/wp-content\/uploads\/2025\/12\/Ulises-800x272.png 800w, https:\/\/culturaclasica.net\/ludi_saguntini\/wp-content\/uploads\/2025\/12\/Ulises-1024x348.png 1024w, https:\/\/culturaclasica.net\/ludi_saguntini\/wp-content\/uploads\/2025\/12\/Ulises-1200x408.png 1200w, https:\/\/culturaclasica.net\/ludi_saguntini\/wp-content\/uploads\/2025\/12\/Ulises-1536x522.png 1536w, https:\/\/culturaclasica.net\/ludi_saguntini\/wp-content\/uploads\/2025\/12\/Ulises.png 1706w\" sizes=\"(max-width: 300px) 100vw, 300px\" \/><\/a><\/p>\n<p style=\"text-align: center;\"><strong>\u201cULISSES, QUIN VIATGE!!!\u201d<\/strong><\/p>\n<p style=\"text-align: center;\">Grup de teatre de l\u2019alumnat de cinqu\u00e9 curs del CEIP Cronista Chabret<\/p>\n<p>25 alumnes<\/p>\n<p>L\u2019obra que presentem enguany \u00e9s \u201cUlisses, quin viatge!!!\u201d, a c\u00e0rrec del taller de cinqu\u00e9 curs de dramatitzaci\u00f3 de la nostra escola. Hi participen la totalitat de la classe en un projecte com\u00fa que encet\u00e0rem al comen\u00e7ament del curs i que acabar\u00e0 amb la representaci\u00f3, els dies dels Ludi.<\/p>\n<p>\u201cUlisses, quin viatge!!\u201d, \u00e9s una adaptaci\u00f3 lliure de L&#8217;Odissea, on l\u2019autor ens narra les aventures d\u2019Ulisses quan torna a \u00cdtaca despr\u00e9s d\u2019haver participat en la guerra de Troia. El nostre principal objectiu \u00e9s fer arribar aquest cl\u00e0ssic els xiquets d\u2019una manera divertida i cridanera. \u00c9s per aix\u00f2 que fem servir diferents recursos com la m\u00fasica, la dansa, projeccions\u2026<\/p>\n<p>Per altra banda, calia adequar el llenguatge de l\u2019obra al p\u00fablic que va dirigit i que fora comprensible.<\/p>\n<p>En \u00faltim lloc, donat el p\u00fablic que tindrem, hem fet una versi\u00f3 redu\u00efda on hem seleccionat aquelles aventures que podien ser m\u00e9s del gust dels menuts.<\/p>\n<p>Pel que fa als diferents aspectes que conformen un muntatge teatral: Escenografia, vestuari\u2026, cal dir que funcionen a partir d\u2019un grup de mestres que s\u2019encarreguen del disseny de cada un dels apartats i pel que fa a l\u2019execuci\u00f3 hi participen tots, pares i mares, alumnes i mestres.<\/p>\n<p>Jos\u00e9 Mar\u00eda Ram\u00edrez\u00a0\u00a0\u00a0\u00a0\u00a0 Text, dramat\u00fargia, direcci\u00f3<\/p>\n<p>Voro Sampedro\u00a0\u00a0\u00a0\u00a0\u00a0\u00a0\u00a0\u00a0\u00a0\u00a0\u00a0 Tutor<\/p>\n<p>Teatre en valenci\u00e0<\/p>\n<p>&nbsp;<\/p>\n<h3 style=\"text-align: center;\">OBRA TEATRE DE DIMECRES I DIJOUS<\/h3>\n<p style=\"text-align: center;\">A c\u00e0rrec de l&#8217;IES CLOT DEL MORO, SOTA LA DIRECCI\u00d3 DE PILAR ARI\u00d1O<\/p>\n<p>T\u00cdTOL: \u201cHades i Pers\u00e8fone\u201d.<\/p>\n<p>ARGUMENT: Enguany l&#8217;IES Clot del Moro participem novament amb els Ludi Saguntini i ho fem amb la representaci\u00f3 del mite d&#8217;Hades i Pers\u00e8fone que ens narra com i per qu\u00e8 es crearen les estacions de l&#8217;any. A m\u00e9s, aprofitem aquest text per a fer una reflexi\u00f3 sobre el canvi clim\u00e0tic i la necessitat de tindre cura dels recursos naturals. La m\u00fasica i les danses completen aquesta hist\u00f2ria que apropar\u00e0 el m\u00f3n cl\u00e0ssic al nostre alumnat.<br \/>\nTeatre en valenci\u00e0<\/p>\n<p>INT\u00c8RPRETS: Grup de teatre format per alumnat de l&#8217;assignatura taller d&#8217;aprofundiment: teatre. (28 alumnes en escena).<\/p>\n<p>Hi participa la totalitat de l&#8217;alumnat que cursa aquesta assignatura en un projecte com\u00fa que encet\u00e0rem a comen\u00e7ament de curs i que acabar\u00e0 amb la representaci\u00f3 final, els dies 23 i 24 d&#8217;abril dins de la programaci\u00f3 dels Ludi Saguntini.<\/p>\n<p>Pel que fa als diferents aspectes que conformen el muntatge teatral: escenografia, vestuari\u2026, cal dir que tot ha estat dissenyat i confeccionat per alumnat de l&#8217;IES que cursa l&#8217;assignatura de volum i escenografia.<\/p>\n<p>DURADA: aproximadament 30\u202fmin.<\/p>","protected":false},"excerpt":{"rendered":"<p>Teatre Olimp 2026 OBRA TEATRE DE DIMARTS I DIMECRES \u201cULISSES, QUIN VIATGE!!!\u201d Grup de teatre de l\u2019alumnat de cinqu\u00e9 curs del CEIP [&hellip;]<\/p>\n","protected":false},"author":4,"featured_media":0,"parent":0,"menu_order":0,"comment_status":"closed","ping_status":"closed","template":"","meta":{"footnotes":""},"_links":{"self":[{"href":"https:\/\/culturaclasica.net\/ludi_saguntini\/ca\/wp-json\/wp\/v2\/pages\/1865"}],"collection":[{"href":"https:\/\/culturaclasica.net\/ludi_saguntini\/ca\/wp-json\/wp\/v2\/pages"}],"about":[{"href":"https:\/\/culturaclasica.net\/ludi_saguntini\/ca\/wp-json\/wp\/v2\/types\/page"}],"author":[{"embeddable":true,"href":"https:\/\/culturaclasica.net\/ludi_saguntini\/ca\/wp-json\/wp\/v2\/users\/4"}],"replies":[{"embeddable":true,"href":"https:\/\/culturaclasica.net\/ludi_saguntini\/ca\/wp-json\/wp\/v2\/comments?post=1865"}],"version-history":[{"count":25,"href":"https:\/\/culturaclasica.net\/ludi_saguntini\/ca\/wp-json\/wp\/v2\/pages\/1865\/revisions"}],"predecessor-version":[{"id":2396,"href":"https:\/\/culturaclasica.net\/ludi_saguntini\/ca\/wp-json\/wp\/v2\/pages\/1865\/revisions\/2396"}],"wp:attachment":[{"href":"https:\/\/culturaclasica.net\/ludi_saguntini\/ca\/wp-json\/wp\/v2\/media?parent=1865"}],"curies":[{"name":"wp","href":"https:\/\/api.w.org\/{rel}","templated":true}]}}