{"id":1697,"date":"2018-02-24T21:07:53","date_gmt":"2018-02-24T20:07:53","guid":{"rendered":"https:\/\/culturaclasica.net\/ludi_saguntini\/?page_id=1697"},"modified":"2018-02-24T21:14:00","modified_gmt":"2018-02-24T20:14:00","slug":"pompa-officinarum","status":"publish","type":"page","link":"https:\/\/culturaclasica.net\/ludi_saguntini\/ca\/pompa-officinarum\/","title":{"rendered":"Pompa Officinarum"},"content":{"rendered":"<p class=\"qtranxs-available-languages-message qtranxs-available-languages-message-ca\">Ho sentim, aquesta entrada es troba disponible \u00fanicament en <a href=\"https:\/\/culturaclasica.net\/ludi_saguntini\/es\/wp-json\/wp\/v2\/pages\/1697\" class=\"qtranxs-available-language-link qtranxs-available-language-link-es\" title=\"Espa\u00f1ol\">Espanyol Europeu<\/a>. For the sake of viewer convenience, the content is shown below in the alternative language. You may click the link to switch the active language.<\/p><p>Antes de clausurar los Ludi Saguntini MMXVIII con la obra Mostellaria, se inaugurar\u00e1 la jornada con la recreaci\u00f3n de una Pompa Officinarum.<\/p>\n<p>En esta ocasi\u00f3n los Ludi Saguntini con sus talleres did\u00e1cticos llegan a su vig\u00e9sima edici\u00f3n, 20 a\u00f1os de ilusi\u00f3n y trabajo en el que hemos recibido con los brazos abiertos a miles de alumnos de toda Espa\u00f1a con el \u00fanico objetivo de divulgar la cultura cl\u00e1sica bajo el lema \u201cludere et discere\u201d. Por ello queremos dedicar la Pompa de clausura del MMXVIII a esos talleres (officinae) con la confianza de que sigan cautivando al alumnado muchos a\u00f1os m\u00e1s.<\/p>\n<p style=\"text-align: center;\">Descarga <a href=\"https:\/\/drive.google.com\/open?id=15E6yUazxg_J97RkqX6DORil1BiLgGG_5\">aqu\u00ed<\/a> toda la informaci\u00f3n sobre este evento.<\/p>\n<p><\/p>","protected":false},"excerpt":{"rendered":"<p>Ho sentim, aquesta entrada es troba disponible \u00fanicament en Espanyol Europeu. For the sake of viewer convenience, the content is shown below [&hellip;]<\/p>\n","protected":false},"author":4,"featured_media":0,"parent":0,"menu_order":0,"comment_status":"closed","ping_status":"closed","template":"","meta":{"footnotes":""},"_links":{"self":[{"href":"https:\/\/culturaclasica.net\/ludi_saguntini\/ca\/wp-json\/wp\/v2\/pages\/1697"}],"collection":[{"href":"https:\/\/culturaclasica.net\/ludi_saguntini\/ca\/wp-json\/wp\/v2\/pages"}],"about":[{"href":"https:\/\/culturaclasica.net\/ludi_saguntini\/ca\/wp-json\/wp\/v2\/types\/page"}],"author":[{"embeddable":true,"href":"https:\/\/culturaclasica.net\/ludi_saguntini\/ca\/wp-json\/wp\/v2\/users\/4"}],"replies":[{"embeddable":true,"href":"https:\/\/culturaclasica.net\/ludi_saguntini\/ca\/wp-json\/wp\/v2\/comments?post=1697"}],"version-history":[{"count":5,"href":"https:\/\/culturaclasica.net\/ludi_saguntini\/ca\/wp-json\/wp\/v2\/pages\/1697\/revisions"}],"predecessor-version":[{"id":1702,"href":"https:\/\/culturaclasica.net\/ludi_saguntini\/ca\/wp-json\/wp\/v2\/pages\/1697\/revisions\/1702"}],"wp:attachment":[{"href":"https:\/\/culturaclasica.net\/ludi_saguntini\/ca\/wp-json\/wp\/v2\/media?parent=1697"}],"curies":[{"name":"wp","href":"https:\/\/api.w.org\/{rel}","templated":true}]}}