{"id":1542,"date":"2017-11-20T17:45:36","date_gmt":"2017-11-20T16:45:36","guid":{"rendered":"https:\/\/culturaclasica.net\/ludi_saguntini\/?page_id=1542"},"modified":"2026-03-26T19:36:07","modified_gmt":"2026-03-26T18:36:07","slug":"taller-del-ejercito-romano-militaria","status":"publish","type":"page","link":"https:\/\/culturaclasica.net\/ludi_saguntini\/ca\/taller-del-ejercito-romano-militaria\/","title":{"rendered":"Taller de l&#8217;ex\u00e8rcit rom\u00e0 &#8220;Militaria&#8221;"},"content":{"rendered":"<p><div class=\"fusion-fullwidth fullwidth-box nonhundred-percent-fullwidth non-hundred-percent-height-scrolling\"  style='background-color: rgba(255,255,255,0);background-position: center center;background-repeat: no-repeat;padding-top:0px;padding-right:0px;padding-bottom:0px;padding-left:0px;'><div class=\"fusion-builder-row fusion-row \"><div  class=\"fusion-layout-column fusion_builder_column fusion_builder_column_1_1  fusion-one-full fusion-column-first fusion-column-last 1_1\"  style='margin-top:0px;margin-bottom:0px;'>\n\t\t\t\t\t<div class=\"fusion-column-wrapper\" style=\"background-position:left top;background-repeat:no-repeat;-webkit-background-size:cover;-moz-background-size:cover;-o-background-size:cover;background-size:cover;\"  data-bg-url=\"\">\n\t\t\t\t\t\t<div class=\"fusion-text\"><h2>TALLER DE L&#8217;EX\u00c8RCIT ROM\u00c0 \u00abMILITARIA\u00bb<\/h2>\n<div id=\"gtx-trans\" style=\"position: absolute; left: -54px; top: -4.08594px;\">\n<div class=\"gtx-trans-icon\"><\/div>\n<\/div>\n<\/div><div class=\"fusion-text\"><p>En el marc dels Ludi 2026, el taller MILITARIA estar\u00e0 dirigit per Jos\u00e9 Luis Pellicer, professor d&#8217;hist\u00f2ria jubilat de la professora d&#8217;Hist\u00f2ria Paola Mar\u00edn i del professor de Cultura Cl\u00e0ssica \u00c1ngel Monreal de l&#8217;IES Pere d\u2019Esplugues (Pobla Llarga).<\/p>\n<p class=\"p1\">Gr\u00e0cies al taller de Militaria podrem comprendre que la hist\u00f2ria de Roma est\u00e0 \u00edntimament lligada amb les seues conquestes militars i amb l&#8217;instrument del qual es va servir per a aix\u00f2, les seues legions.<\/p>\n<p class=\"p1\">OBJECTIU: Con\u00e9ixer l&#8217;equipament b\u00e0sic que portava un legionari rom\u00e0 en \u00e8poca imperial i alguns moviments t\u00e0ctics utilitzats en l&#8217;enfrontament amb altres pobles. Tamb\u00e9 el paper que jugava la disciplina i el treball en equip com una de les caracter\u00edstiques m\u00e9s destacades del funcionament de l&#8217;ex\u00e8rcit rom\u00e0.<\/p>\n<p class=\"p1\">ESTRUCTURA: El taller-exposici\u00f3 consta de les seg\u00fcents parts:<\/p>\n<p class=\"p1\">1. EXPOSITIVA I INFORMATIVA<br \/>\nEs dur\u00e0 a terme a trav\u00e9s d&#8217;una explicaci\u00f3 recolzada per material did\u00e0ctic, equips militars, r\u00e8pliques i panells sobre el m\u00f3n militar rom\u00e0, en una aula destinada a eixe \u00fas.<\/p>\n<p class=\"p1\">2. EXPERI\u00c8NCIA VIVENCIAL:<br \/>\nEls assistents, amb un equipament que simula el que portaven els antics legionaris romans viuran una experi\u00e8ncia pr\u00e0ctica al carrer, duent a terme diferents moviments de defensa i d&#8217;atac: testudo, orbis, etc.<\/p>\n<p class=\"p1\">3. QUADERN DID\u00c0CTIC:<br \/>\nEl quadern explicatiu amb informaci\u00f3 b\u00e0sica sobre el m\u00f3n militar rom\u00e0 es pot descarregar.<\/p>\n<\/div><div class=\"fusion-image-carousel fusion-image-carousel-fixed fusion-carousel-border\"><div class=\"fusion-carousel\" data-autoplay=\"yes\" data-columns=\"5\" data-itemmargin=\"13\" data-itemwidth=\"180\" data-touchscroll=\"no\" data-imagesize=\"fixed\"><div class=\"fusion-carousel-positioner\"><ul class=\"fusion-carousel-holder\"><li class=\"fusion-carousel-item\"><div class=\"fusion-carousel-item-wrapper\"><div class=\"fusion-image-wrapper hover-type-none\"><img loading=\"lazy\" decoding=\"async\" width=\"320\" height=\"202\" src=\"https:\/\/culturaclasica.net\/ludi_saguntini\/wp-content\/uploads\/2022\/11\/foto-1-militar-320x202.jpg\" class=\"attachment-blog-medium size-blog-medium\" alt=\"\" srcset=\"https:\/\/culturaclasica.net\/ludi_saguntini\/wp-content\/uploads\/2022\/11\/foto-1-militar-320x202.jpg 320w, https:\/\/culturaclasica.net\/ludi_saguntini\/wp-content\/uploads\/2022\/11\/foto-1-militar-700x441.jpg 700w\" sizes=\"(max-width: 320px) 100vw, 320px\" \/><\/div><\/div><\/li><li class=\"fusion-carousel-item\"><div class=\"fusion-carousel-item-wrapper\"><div class=\"fusion-image-wrapper hover-type-none\"><img loading=\"lazy\" decoding=\"async\" width=\"320\" height=\"202\" src=\"https:\/\/culturaclasica.net\/ludi_saguntini\/wp-content\/uploads\/2022\/11\/foto-2-militar-2-320x202.jpg\" class=\"attachment-blog-medium size-blog-medium\" alt=\"\" srcset=\"https:\/\/culturaclasica.net\/ludi_saguntini\/wp-content\/uploads\/2022\/11\/foto-2-militar-2-320x202.jpg 320w, https:\/\/culturaclasica.net\/ludi_saguntini\/wp-content\/uploads\/2022\/11\/foto-2-militar-2-700x441.jpg 700w\" sizes=\"(max-width: 320px) 100vw, 320px\" \/><\/div><\/div><\/li><\/ul><div class=\"fusion-carousel-nav\"><span class=\"fusion-nav-prev\"><\/span><span class=\"fusion-nav-next\"><\/span><\/div><\/div><\/div><\/div><div class=\"fusion-clearfix\"><\/div>\n\n\t\t\t\t\t<\/div>\n\t\t\t\t<\/div><\/div><\/div><\/p>","protected":false},"excerpt":{"rendered":"","protected":false},"author":4,"featured_media":0,"parent":0,"menu_order":0,"comment_status":"closed","ping_status":"closed","template":"","meta":{"footnotes":""},"_links":{"self":[{"href":"https:\/\/culturaclasica.net\/ludi_saguntini\/ca\/wp-json\/wp\/v2\/pages\/1542"}],"collection":[{"href":"https:\/\/culturaclasica.net\/ludi_saguntini\/ca\/wp-json\/wp\/v2\/pages"}],"about":[{"href":"https:\/\/culturaclasica.net\/ludi_saguntini\/ca\/wp-json\/wp\/v2\/types\/page"}],"author":[{"embeddable":true,"href":"https:\/\/culturaclasica.net\/ludi_saguntini\/ca\/wp-json\/wp\/v2\/users\/4"}],"replies":[{"embeddable":true,"href":"https:\/\/culturaclasica.net\/ludi_saguntini\/ca\/wp-json\/wp\/v2\/comments?post=1542"}],"version-history":[{"count":25,"href":"https:\/\/culturaclasica.net\/ludi_saguntini\/ca\/wp-json\/wp\/v2\/pages\/1542\/revisions"}],"predecessor-version":[{"id":2422,"href":"https:\/\/culturaclasica.net\/ludi_saguntini\/ca\/wp-json\/wp\/v2\/pages\/1542\/revisions\/2422"}],"wp:attachment":[{"href":"https:\/\/culturaclasica.net\/ludi_saguntini\/ca\/wp-json\/wp\/v2\/media?parent=1542"}],"curies":[{"name":"wp","href":"https:\/\/api.w.org\/{rel}","templated":true}]}}