{"id":1533,"date":"2017-11-20T17:39:24","date_gmt":"2017-11-20T16:39:24","guid":{"rendered":"https:\/\/culturaclasica.net\/ludi_saguntini\/?page_id=1533"},"modified":"2025-11-13T16:06:43","modified_gmt":"2025-11-13T15:06:43","slug":"taller-de-danza-griega-terpsicore","status":"publish","type":"page","link":"https:\/\/culturaclasica.net\/ludi_saguntini\/ca\/taller-de-danza-griega-terpsicore\/","title":{"rendered":"Taller de dansa griega &#8220;Terps\u00edcore&#8221;"},"content":{"rendered":"<p><div class=\"fusion-fullwidth fullwidth-box nonhundred-percent-fullwidth non-hundred-percent-height-scrolling\"  style='background-color: rgba(255,255,255,0);background-position: center center;background-repeat: no-repeat;padding-top:0px;padding-right:0px;padding-bottom:0px;padding-left:0px;'><div class=\"fusion-builder-row fusion-row \"><div  class=\"fusion-layout-column fusion_builder_column fusion_builder_column_1_1  fusion-one-full fusion-column-first fusion-column-last 1_1\"  style='margin-top:0px;margin-bottom:0px;'>\n\t\t\t\t\t<div class=\"fusion-column-wrapper\" style=\"background-position:left top;background-repeat:no-repeat;-webkit-background-size:cover;-moz-background-size:cover;-o-background-size:cover;background-size:cover;\"  data-bg-url=\"\">\n\t\t\t\t\t\t<div class=\"fusion-text\"><h2>Taller de dansa grega \u00abTerps\u00edcore\u00bb<\/h2>\n<\/div><div class=\"fusion-text\"><div>\n<div>Aquest taller va iniciar el seu cam\u00ed als Ludi Saguntini de la m\u00e0 d\u2019\u00c0lex Andr\u00e9s, professor de m\u00fasica de l\u2019IES Clot del Moro de Sagunt. Actualment \u00e9s Sahila Ari\u00f1o, professora de valenci\u00e0 del centre i ballarina de les M\u00e8nades d\u2019Irta, qui l\u2019imparteix juntament amb el seu alumnat.<\/div>\n<div>Les M\u00e8nades d\u2019Irta, molt arrelades als Ludi Saguntini i participants de la pompa, donen un valor especial al taller pel seu coneixement en dansa i el seu vincle amb la cultura grecollatina. A m\u00e9s, diverses membres han estat encarregades de realitzar-lo en altres edicions.<\/div>\n<div><\/div>\n<div>La import\u00e0ncia de la dansa \u00e9s universal: totes les cultures, de tots els temps, han atorgat un paper fonamental a la m\u00fasica i al ball. La cultura grega no n\u2019\u00e9s una excepci\u00f3, i entenia la persona cultivada com aquella que sabia ballar, tal com recorda Plat\u00f3. Per als grecs, la dansa era un invent div\u00ed i, per tant, mereixia respecte i veneraci\u00f3.<\/div>\n<div><\/div>\n<div>La circularitat de la dansa<\/div>\n<div><\/div>\n<div>La majoria de danses populars \u2014i les gregues especialment\u2014 es basen en el moviment circular, siga en un cercle complet o parcial. Aquesta forma no \u00e9s casual: evoca la circularitat de la vida, el cicle del sol i la lluna, les estacions i el pas del temps.<\/div>\n<div><\/div>\n<div>Terps\u00edcore, musa del ball<\/div>\n<div><\/div>\n<div>Terps\u00edcore, \u201cla que s\u2019adelita amb el ball\u201d, va ser una de les muses m\u00e9s estimades. Se la representava sovint amb una c\u00edtara i estava vinculada a m\u00e9s de 200 danses presents en rituals religiosos, celebracions esportives i militars \u2014com la dansa p\u00edrrica\u2014, representacions teatrals, contextos educatius i festes populars com les de collita.<\/div>\n<div><\/div>\n<div>De l\u2019antiguitat a l\u2019actualitat<\/div>\n<div><\/div>\n<div>Els antics balls grecs han evolucionat fins als balls populars de l\u2019actual Gr\u00e8cia, que continuen mantenint la circularitat com a element essencial. Un altre factor simb\u00f2lic \u00e9s la pres\u00e8ncia de la mar: en moltes danses, els participants es mouen de costat a costat, agafats pels muscles, com si foren bressolats per les ones.<\/div>\n<div><\/div>\n<div>Qu\u00e8 trobar\u00e0 l\u2019alumnat al taller TERPS\u00cdCORE?<\/div>\n<div><\/div>\n<div>Descobrir\u00e0 la import\u00e0ncia de la dansa dins la cultura grega.<\/div>\n<div>Veureu una xicoteta exposici\u00f3 d\u2019instruments de l\u2019antiga Gr\u00e8cia.<\/div>\n<div>Observar\u00e0 i podr\u00e0 provar vestuari tradicional de dansa.<\/div>\n<div>Aprendr\u00e0 i practicar\u00e0 una dansa Has\u00e0pika.<\/div>\n<\/div>\n<\/div><div class=\"imageframe-align-center\"><span class=\"fusion-imageframe imageframe-none imageframe-2 hover-type-none\"><img loading=\"lazy\" decoding=\"async\" src=\"https:\/\/culturaclasica.net\/ludi_saguntini\/wp-content\/uploads\/2017\/11\/danzas-300x225.jpg\" width=\"300\" height=\"225\" alt=\"\" title=\"danzas\" class=\"img-responsive wp-image-1534\" srcset=\"https:\/\/culturaclasica.net\/ludi_saguntini\/wp-content\/uploads\/2017\/11\/danzas-200x150.jpg 200w, https:\/\/culturaclasica.net\/ludi_saguntini\/wp-content\/uploads\/2017\/11\/danzas-400x300.jpg 400w, https:\/\/culturaclasica.net\/ludi_saguntini\/wp-content\/uploads\/2017\/11\/danzas.jpg 467w\" sizes=\"(max-width: 800px) 100vw, 300px\" \/><\/span><\/div><div class=\"fusion-clearfix\"><\/div>\n\n\t\t\t\t\t<\/div>\n\t\t\t\t<\/div><\/div><\/div><\/p>","protected":false},"excerpt":{"rendered":"","protected":false},"author":4,"featured_media":0,"parent":0,"menu_order":0,"comment_status":"closed","ping_status":"closed","template":"","meta":{"footnotes":""},"_links":{"self":[{"href":"https:\/\/culturaclasica.net\/ludi_saguntini\/ca\/wp-json\/wp\/v2\/pages\/1533"}],"collection":[{"href":"https:\/\/culturaclasica.net\/ludi_saguntini\/ca\/wp-json\/wp\/v2\/pages"}],"about":[{"href":"https:\/\/culturaclasica.net\/ludi_saguntini\/ca\/wp-json\/wp\/v2\/types\/page"}],"author":[{"embeddable":true,"href":"https:\/\/culturaclasica.net\/ludi_saguntini\/ca\/wp-json\/wp\/v2\/users\/4"}],"replies":[{"embeddable":true,"href":"https:\/\/culturaclasica.net\/ludi_saguntini\/ca\/wp-json\/wp\/v2\/comments?post=1533"}],"version-history":[{"count":11,"href":"https:\/\/culturaclasica.net\/ludi_saguntini\/ca\/wp-json\/wp\/v2\/pages\/1533\/revisions"}],"predecessor-version":[{"id":2386,"href":"https:\/\/culturaclasica.net\/ludi_saguntini\/ca\/wp-json\/wp\/v2\/pages\/1533\/revisions\/2386"}],"wp:attachment":[{"href":"https:\/\/culturaclasica.net\/ludi_saguntini\/ca\/wp-json\/wp\/v2\/media?parent=1533"}],"curies":[{"name":"wp","href":"https:\/\/api.w.org\/{rel}","templated":true}]}}