{"id":1524,"date":"2017-11-20T17:30:01","date_gmt":"2017-11-20T16:30:01","guid":{"rendered":"https:\/\/culturaclasica.net\/ludi_saguntini\/?page_id=1524"},"modified":"2022-12-04T11:46:38","modified_gmt":"2022-12-04T10:46:38","slug":"plaza-de-los-dioses","status":"publish","type":"page","link":"https:\/\/culturaclasica.net\/ludi_saguntini\/ca\/plaza-de-los-dioses\/","title":{"rendered":"Pla\u00e7a dels d\u00e9us"},"content":{"rendered":"<p class=\"qtranxs-available-languages-message qtranxs-available-languages-message-ca\">Ho sentim, aquesta entrada es troba disponible \u00fanicament en <a href=\"https:\/\/culturaclasica.net\/ludi_saguntini\/es\/wp-json\/wp\/v2\/pages\/1524\" class=\"qtranxs-available-language-link qtranxs-available-language-link-es\" title=\"Espa\u00f1ol\">Espanyol Europeu<\/a>. For the sake of viewer convenience, the content is shown below in the alternative language. You may click the link to switch the active language.<\/p><p><div class=\"fusion-fullwidth fullwidth-box nonhundred-percent-fullwidth non-hundred-percent-height-scrolling\"  style='background-color: rgba(255,255,255,0);background-position: center center;background-repeat: no-repeat;padding-top:0px;padding-right:0px;padding-bottom:0px;padding-left:0px;'><div class=\"fusion-builder-row fusion-row \"><div  class=\"fusion-layout-column fusion_builder_column fusion_builder_column_1_1  fusion-one-full fusion-column-first fusion-column-last 1_1\"  style='margin-top:0px;margin-bottom:0px;'>\n\t\t\t\t\t<div class=\"fusion-column-wrapper\" style=\"background-position:left top;background-repeat:no-repeat;-webkit-background-size:cover;-moz-background-size:cover;-o-background-size:cover;background-size:cover;\"  data-bg-url=\"\">\n\t\t\t\t\t\t<div class=\"fusion-text\"><p>Esta propuesta nace a partir de la &#8220;Ludoteca Mitol\u00f3gica&#8221;, un taller creado y organizado por Enrique Mart\u00ednez, profesor jubilado del IES Clot del Moro, Sagunt, en el que tambi\u00e9n han colaborado los profesores del mismo centro, Higinio L\u00f3pez y Pilar Ferriol.<\/p>\n<p>El taller en este momento est\u00e1 gestionado por los alumnos y profesores de distintos centros educativos de la Comunidad, como el IES Clot del Moro (Sagunt), del IES Camp de Morvedre (Sagunt), el IES Honori Garc\u00eda (Vall d&#8217;Uix\u00f3) y el IES Violant de Casalduch (Benic\u00e0ssim). Los alumnos ser\u00e1n los <em>servi<\/em> que convertir\u00e1n la Plaza Porticada de Sagunt en la Plaza de los Dioses. Sus profesores nos sentimos muy orgullosos de ellos.<\/p>\n<p>Se puede solicitar el taller en ingl\u00e9s, franc\u00e9s, lat\u00edn o griego. El nivel de lengua est\u00e1 adaptado a los alumnos, por lo que cuando se realiza la reserva es necesario indicar en las observaciones el curso al que pertenecen. No es necesario que todo el grupo de alumnos participe en lat\u00edn o griego, las actividades las realizar\u00edan en otras lenguas solo los alumnos que el profesor considere. Ante cualquier duda o ampliar informaci\u00f3n, puedes escribir a ludisaguntini@gmail.com.<\/p>\n<p>OBJETIVO: Acercar la mitolog\u00eda con sus dioses y leyendas a los j\u00f3venes de todas las edades.<\/p>\n<p>FUNCIONAMIENTO: Requisito indispensable es LA PUNTUALIDAD para comenzar organizadamente.<\/p>\n<p>AL ENTRAR:<\/p>\n<p>todos nos disfrazaremos de dioses con nuestro atributo correspondiente<br \/>\nse formar\u00e1n grupos de 6 personas<br \/>\ncada grupo contar\u00e1 con un servus que le guiar\u00e1 y ayudar\u00e1 durante toda la hora<br \/>\ncada grupo cambiar\u00e1 de actividad ante \u201cel grito de los dioses\u201d<\/p>\n<p>PRIMERA PARTE:<\/p>\n<p>Durante los treinta primeros minutos se har\u00e1n dos actividades, que nos servir\u00e1n para conocer a los dioses y algunas leyendas.<\/p>\n<p>SEGUNDA PARTE:<\/p>\n<p>Se realizar\u00e1 una gincana que consistir\u00e1 en la realizaci\u00f3n de un conjunto de pruebas basadas en el aprendizaje de los dioses que se ha conseguido en las actividades anteriores. Ganar\u00e1 la gincana el grupo que supere las pruebas en el menor tiempo.<\/p>\n<p>Al grupo ganador de la gincana se le dar\u00e1 un premio.<\/p>\n<\/div><div class=\"imageframe-align-center\"><span class=\"fusion-imageframe imageframe-none imageframe-1 hover-type-none\"><img loading=\"lazy\" decoding=\"async\" src=\"https:\/\/culturaclasica.net\/ludi_saguntini\/wp-content\/uploads\/2017\/11\/plazaDioses-300x225.jpg\" width=\"300\" height=\"225\" alt=\"\" title=\"plazaDioses\" class=\"img-responsive wp-image-1525\" srcset=\"https:\/\/culturaclasica.net\/ludi_saguntini\/wp-content\/uploads\/2017\/11\/plazaDioses-200x150.jpg 200w, https:\/\/culturaclasica.net\/ludi_saguntini\/wp-content\/uploads\/2017\/11\/plazaDioses-400x300.jpg 400w, https:\/\/culturaclasica.net\/ludi_saguntini\/wp-content\/uploads\/2017\/11\/plazaDioses.jpg 573w\" sizes=\"(max-width: 800px) 100vw, 300px\" \/><\/span><\/div><div class=\"fusion-clearfix\"><\/div>\n\n\t\t\t\t\t<\/div>\n\t\t\t\t<\/div><\/div><\/div><\/p>","protected":false},"excerpt":{"rendered":"","protected":false},"author":4,"featured_media":0,"parent":0,"menu_order":0,"comment_status":"closed","ping_status":"closed","template":"","meta":{"footnotes":""},"_links":{"self":[{"href":"https:\/\/culturaclasica.net\/ludi_saguntini\/ca\/wp-json\/wp\/v2\/pages\/1524"}],"collection":[{"href":"https:\/\/culturaclasica.net\/ludi_saguntini\/ca\/wp-json\/wp\/v2\/pages"}],"about":[{"href":"https:\/\/culturaclasica.net\/ludi_saguntini\/ca\/wp-json\/wp\/v2\/types\/page"}],"author":[{"embeddable":true,"href":"https:\/\/culturaclasica.net\/ludi_saguntini\/ca\/wp-json\/wp\/v2\/users\/4"}],"replies":[{"embeddable":true,"href":"https:\/\/culturaclasica.net\/ludi_saguntini\/ca\/wp-json\/wp\/v2\/comments?post=1524"}],"version-history":[{"count":4,"href":"https:\/\/culturaclasica.net\/ludi_saguntini\/ca\/wp-json\/wp\/v2\/pages\/1524\/revisions"}],"predecessor-version":[{"id":2065,"href":"https:\/\/culturaclasica.net\/ludi_saguntini\/ca\/wp-json\/wp\/v2\/pages\/1524\/revisions\/2065"}],"wp:attachment":[{"href":"https:\/\/culturaclasica.net\/ludi_saguntini\/ca\/wp-json\/wp\/v2\/media?parent=1524"}],"curies":[{"name":"wp","href":"https:\/\/api.w.org\/{rel}","templated":true}]}}