{"id":1485,"date":"2017-11-20T16:37:48","date_gmt":"2017-11-20T15:37:48","guid":{"rendered":"https:\/\/culturaclasica.net\/ludi_saguntini\/?page_id=1485"},"modified":"2026-03-09T20:29:40","modified_gmt":"2026-03-09T19:29:40","slug":"taller-de-cocina-romana-de-re-coquinaria","status":"publish","type":"page","link":"https:\/\/culturaclasica.net\/ludi_saguntini\/ca\/taller-de-cocina-romana-de-re-coquinaria\/","title":{"rendered":"Taller de cuina romana \u00abDe re coquinaria\u00bb"},"content":{"rendered":"<p><div class=\"fusion-fullwidth fullwidth-box nonhundred-percent-fullwidth non-hundred-percent-height-scrolling\"  style='background-color: rgba(255,255,255,0);background-position: center center;background-repeat: no-repeat;padding-top:0px;padding-right:0px;padding-bottom:0px;padding-left:0px;'><div class=\"fusion-builder-row fusion-row \"><div  class=\"fusion-layout-column fusion_builder_column fusion_builder_column_1_1  fusion-one-full fusion-column-first fusion-column-last 1_1\"  style='margin-top:0px;margin-bottom:0px;'>\n\t\t\t\t\t<div class=\"fusion-column-wrapper\" style=\"background-position:left top;background-repeat:no-repeat;-webkit-background-size:cover;-moz-background-size:cover;-o-background-size:cover;background-size:cover;\"  data-bg-url=\"\">\n\t\t\t\t\t\t<div class=\"fusion-text\"><h2>Taller de cuina romana \u00abDe re coquinaria\u00bb<\/h2>\n<\/div><div class=\"imageframe-align-center\"><span class=\"fusion-imageframe imageframe-none imageframe-2 hover-type-none\"><img loading=\"lazy\" decoding=\"async\" src=\"https:\/\/culturaclasica.net\/ludi_saguntini\/wp-content\/uploads\/2022\/11\/foto-cocina-300x169.jpg\" width=\"300\" height=\"169\" alt=\"\" title=\"foto cocina\" class=\"img-responsive wp-image-2022\" srcset=\"https:\/\/culturaclasica.net\/ludi_saguntini\/wp-content\/uploads\/2022\/11\/foto-cocina-200x113.jpg 200w, https:\/\/culturaclasica.net\/ludi_saguntini\/wp-content\/uploads\/2022\/11\/foto-cocina-400x225.jpg 400w, https:\/\/culturaclasica.net\/ludi_saguntini\/wp-content\/uploads\/2022\/11\/foto-cocina-600x338.jpg 600w, https:\/\/culturaclasica.net\/ludi_saguntini\/wp-content\/uploads\/2022\/11\/foto-cocina-800x450.jpg 800w, https:\/\/culturaclasica.net\/ludi_saguntini\/wp-content\/uploads\/2022\/11\/foto-cocina-1200x675.jpg 1200w, https:\/\/culturaclasica.net\/ludi_saguntini\/wp-content\/uploads\/2022\/11\/foto-cocina.jpg 1280w\" sizes=\"(max-width: 800px) 100vw, 300px\" \/><\/span><\/div><div class=\"fusion-text\"><div><span style=\"font-family: georgia, serif; font-size: large;\">El taller est\u00e0 realitzat per Charo Marco, professora d&#8217;ensenyament secundari de l\u2019\u00a0<a href=\"https:\/\/portal.edu.gva.es\/46022580\/es\/inicio\/\" target=\"_blank\" rel=\"noopener\" data-saferedirecturl=\"https:\/\/www.google.com\/url?q=https:\/\/portal.edu.gva.es\/46022580\/es\/inicio\/&amp;source=gmail&amp;ust=1742665375769000&amp;usg=AOvVaw0Cnu21z5TLQP13d18K8hcV\">IES Ausi\u00e0s March<\/a>\u00a0 (Manises) actualment en l&#8217;espai tem\u00e0tic\u00a0de cultura cl\u00e0ssica,\u00a0<a href=\"http:\/\/domusbaebia.blogspot.com\/\" target=\"_blank\" rel=\"noopener\" data-saferedirecturl=\"https:\/\/www.google.com\/url?q=http:\/\/domusbaebia.blogspot.com\/&amp;source=gmail&amp;ust=1742665375769000&amp;usg=AOvVaw0PWmtMsMF-DFSION6TNvR9\">SAGVNTINA DOMVS BAEBIA<\/a>, amb\u00a0 la col\u00b7laboraci\u00f3 de\u00a0Natalia Molina, professora d&#8217;ensenyament secundari del\u00a0<a href=\"https:\/\/www.colegiosocorro.es\/\" target=\"_blank\" rel=\"noopener\" data-saferedirecturl=\"https:\/\/www.google.com\/url?q=https:\/\/www.colegiosocorro.es\/&amp;source=gmail&amp;ust=1742665375769000&amp;usg=AOvVaw1Je9XvnSmbZ07h-HSNDITU\">Col\u00b7legi Nuestra Se\u00f1ora del Socorro<\/a> (Benet\u00fasser) i Alexandra Puchol, professora d&#8217;ensenyament secundari de l\u2019 <a href=\"https:\/\/portal.edu.gva.es\/iesgabrielciscar\/\">IES Gabriel Ciscar<\/a> (Oliva), Miriam Roa, professora d&#8217;ensenyament secundari del Colegio Sagrada Familia (Silla), Laura Rosa Silvestre, <span style=\"color: #666666;\">professora d&#8217;ensenyament secundari de l&#8217; <a href=\"https:\/\/portal.edu.gva.es\/ieslaplana\/\">IES La Plana<\/a> (Castell\u00f3) i Roc\u00eda Ferreras, professora d&#8217;ensenyament secundari de l&#8217; <a href=\"https:\/\/portal.edu.gva.es\/ieslesfoies\/\">IES Les Foies<\/a> (Benig\u00e0nim).<\/span><\/span><\/div>\n<div><\/div>\n<p class=\"p1\">A trav\u00e9s del taller de cuina romana antiga ens submergirem en un banquet rom\u00e0, en concret en la recreaci\u00f3 del fam\u00f3s sopar de Trimalci\u00f3 de Petroni. En la recreaci\u00f3 es parlar\u00e0 del protocol, dels personatges, del men\u00fa servit i dels rituals que es duien a terme.<\/p>\n<p class=\"p2\">OBJECTIU: Introducci\u00f3 al banquet rom\u00e0 amb la finalitat de reflexionar sobre els costums culin\u00e0ries i el seu llegat en l&#8217;actualitat.<\/p>\n<p class=\"p3\"><span class=\"s2\">ES<\/span>TRUCTURA: El taller-exposici\u00f3 consta de les seg\u00fcents parts:<\/p>\n<p><span class=\"s3\"><b>1. EXPOSITIVA <\/b><\/span><\/p>\n<p class=\"p5\">En la recreaci\u00f3 del <i>triclinium<\/i> de Trimalci\u00f3 aprendrem les parts d&#8217;un banquet rom\u00e0, com es col\u00b7locaven els convidats, el men\u00fa presentat, les supersticions i curiositats, etc.<\/p>\n<p><span class=\"s3\"><b>2. INFORMATIVA-VIVENCIAL<\/b><\/span><\/p>\n<p class=\"p5\">La recreaci\u00f3 del banquet abasta diferents apartats:<\/p>\n<p class=\"p7\">2.1. Menjars del dia.<\/p>\n<p class=\"p7\">2.2. El <i>triclinium<\/i> rom\u00e0.<\/p>\n<p class=\"p7\">2.3. Convidats i col\u00b7locaci\u00f3.<\/p>\n<p class=\"p7\">2.4. Aliments que es van servir en el sopar de Trimalci\u00f3<\/p>\n<p class=\"p7\">2.5. Protocol i supersticions<b><span class=\"Apple-converted-space\">\u00a0 \u00a0 \u00a0<\/span><\/b><\/p>\n<p class=\"p7\"><b>3. TALLER DE CUINA<\/b><\/p>\n<p class=\"p2\">Els assistents realitzaran un condiment rom\u00e0 basat en una recepta d\u2019 Apici i es far\u00e0 una xicoteta degustaci\u00f3.<\/p>\n<p><b><\/b><span class=\"s3\"><b>4. QUADERN DID\u00c0CTIC<\/b><\/span><\/p>\n<p class=\"p5\">El quadern explicatiu de les caracter\u00edstiques de la cuina romana antiga amb un xicotet dossier de receptes es pot descarregar.<\/p>\n<div id=\"gtx-trans\" style=\"position: absolute; left: 963px; top: 38px;\">\n<div class=\"gtx-trans-icon\"><\/div>\n<\/div>\n<\/div><div class=\"fusion-clearfix\"><\/div>\n\n\t\t\t\t\t<\/div>\n\t\t\t\t<\/div><\/div><\/div><\/p>","protected":false},"excerpt":{"rendered":"","protected":false},"author":4,"featured_media":0,"parent":0,"menu_order":0,"comment_status":"closed","ping_status":"closed","template":"","meta":{"footnotes":""},"_links":{"self":[{"href":"https:\/\/culturaclasica.net\/ludi_saguntini\/ca\/wp-json\/wp\/v2\/pages\/1485"}],"collection":[{"href":"https:\/\/culturaclasica.net\/ludi_saguntini\/ca\/wp-json\/wp\/v2\/pages"}],"about":[{"href":"https:\/\/culturaclasica.net\/ludi_saguntini\/ca\/wp-json\/wp\/v2\/types\/page"}],"author":[{"embeddable":true,"href":"https:\/\/culturaclasica.net\/ludi_saguntini\/ca\/wp-json\/wp\/v2\/users\/4"}],"replies":[{"embeddable":true,"href":"https:\/\/culturaclasica.net\/ludi_saguntini\/ca\/wp-json\/wp\/v2\/comments?post=1485"}],"version-history":[{"count":30,"href":"https:\/\/culturaclasica.net\/ludi_saguntini\/ca\/wp-json\/wp\/v2\/pages\/1485\/revisions"}],"predecessor-version":[{"id":2350,"href":"https:\/\/culturaclasica.net\/ludi_saguntini\/ca\/wp-json\/wp\/v2\/pages\/1485\/revisions\/2350"}],"wp:attachment":[{"href":"https:\/\/culturaclasica.net\/ludi_saguntini\/ca\/wp-json\/wp\/v2\/media?parent=1485"}],"curies":[{"name":"wp","href":"https:\/\/api.w.org\/{rel}","templated":true}]}}