{"id":1470,"date":"2017-11-20T16:08:50","date_gmt":"2017-11-20T15:08:50","guid":{"rendered":"https:\/\/culturaclasica.net\/ludi_saguntini\/?page_id=1470"},"modified":"2022-12-17T13:53:25","modified_gmt":"2022-12-17T12:53:25","slug":"olimposchola","status":"publish","type":"page","link":"https:\/\/culturaclasica.net\/ludi_saguntini\/ca\/olimposchola\/","title":{"rendered":"OlimpoSchola"},"content":{"rendered":"<p><div class=\"fusion-fullwidth fullwidth-box nonhundred-percent-fullwidth non-hundred-percent-height-scrolling\"  style='background-color: rgba(255,255,255,0);background-position: center center;background-repeat: no-repeat;padding-top:0px;padding-right:0px;padding-bottom:0px;padding-left:0px;'><div class=\"fusion-builder-row fusion-row \"><div  class=\"fusion-layout-column fusion_builder_column fusion_builder_column_1_1  fusion-one-full fusion-column-first fusion-column-last 1_1\"  style='margin-top:0px;margin-bottom:0px;'>\n\t\t\t\t\t<div class=\"fusion-column-wrapper\" style=\"background-position:left top;background-repeat:no-repeat;-webkit-background-size:cover;-moz-background-size:cover;-o-background-size:cover;background-size:cover;\"  data-bg-url=\"\">\n\t\t\t\t\t\t<div class=\"fusion-text\"><p style=\"font-weight: 400;\">El plantejament d&#8217;esta activitat dirigida a\u00a0als xiquets i xiquetes del 2n cicle de prim\u00e0ria\u00a0es el seg\u00fcent:<\/p>\n<ul style=\"font-weight: 400;\">\n<li>Cada alumne assisteix a una representaci\u00f3 teatral i realitza un taller.<\/li>\n<\/ul>\n<p style=\"font-weight: 400;\"><strong>TEATRE<\/strong>:<\/p>\n<p style=\"font-weight: 400;\">Aquest taller el realitzar\u00e0 l&#8217;alumat de L&#8217;IES &#8220;Clot del Moro&#8221; de Sagunt. Els professors que l&#8217;han dissenyat han estat els seg\u00fcents: Angels Albiach, Carolina Angulo, Pilar Ari\u00f1o i\u00a0 Sergio Ojeda.<\/p>\n<p style=\"font-weight: 400;\">Aquest taller est\u00e0 dirigit\u00a0 als xiquets i xiquetes del 2n cicle de prim\u00e0ria i pret\u00e9n introduir-nos en el m\u00f3n dels D\u00e9us i la mitologia mitjan\u00e7ant el joc dram\u00e0tic<\/p>\n<p style=\"font-weight: 400;\">OBJECTIUS:<\/p>\n<p style=\"font-weight: 400;\">I.- Apropar l&#8217;alumnat de prim\u00e0ria al m\u00f3n de la cultura cl\u00e0ssica.<\/p>\n<p style=\"font-weight: 400;\">II.- Gaudir de l&#8217;espai teatral\u00a0 i de l&#8217;aprenentatge mitjan\u00e7ant la immersi\u00f3 dram\u00e0tica.<\/p>\n<p style=\"font-weight: 400;\">III.- Con\u00e8ixer el nom dels D\u00e9us de l&#8217;Olimp i els seus atributs.<\/p>\n<ol>\n<li style=\"font-weight: 400;\">Introduir-nos en el m\u00f3n de la Mitologia mitjan\u00e7ant el mite d&#8217;Hades i Pers\u00e9fone.<\/li>\n<\/ol>\n<p style=\"font-weight: 400;\">ESTRUCTURA:<\/p>\n<p style=\"font-weight: 400;\">I.- Representaci\u00f3 teatral del mite &#8220;Hades i Pers\u00e9fone&#8221;.<\/p>\n<p style=\"font-weight: 400;\">Aquesta representaci\u00f3 \u00e9s una adaptaci\u00f3 lliure del Mite d&#8217;Hades on la resoluci\u00f3 del conflicte entre Hades i Dem\u00e8ter per part de Zeus donar\u00e0 pas a la creaci\u00f3 de les quatre estacions de l&#8217;any.<\/p>\n<p>II.-\u00a0 F\u00f2rum teatral<\/p>\n<p style=\"font-weight: 400;\">En aquest espai l&#8217;alumnat es convertir\u00e0 en el protagonista de l&#8217;activitat perqu\u00e8 actors i p\u00fablic intercanviaran experi\u00e8ncies, opinions i aprenentatges.<\/p>\n<p style=\"font-weight: 400;\"><strong>TALLERS<\/strong>:<\/p>\n<p style=\"font-weight: 400;\">Els tallers els duran a terme alumnes del Cicle Superior d\u2019Educaci\u00f3 Infantil de l&#8217;IES de Pu\u00e7ol sota la direcci\u00f3 dels seus professors.<\/p>\n<p style=\"font-weight: 400;\">Es realitzaran els seg\u00fcents tallers:<\/p>\n<ul style=\"font-weight: 400;\">\n<li>Taller de jocs romans.<\/li>\n<li>Taller de genealogia dels deus.<\/li>\n<\/ul>\n<\/div><span class=\"fusion-imageframe imageframe-none imageframe-2 hover-type-none\"><img loading=\"lazy\" decoding=\"async\" src=\"https:\/\/culturaclasica.net\/ludi_saguntini\/wp-content\/uploads\/2017\/11\/Olimposchola-300x224.jpg\" width=\"300\" height=\"224\" alt=\"\" title=\"Olimposchola\" class=\"img-responsive wp-image-1474\" srcset=\"https:\/\/culturaclasica.net\/ludi_saguntini\/wp-content\/uploads\/2017\/11\/Olimposchola-200x150.jpg 200w, https:\/\/culturaclasica.net\/ludi_saguntini\/wp-content\/uploads\/2017\/11\/Olimposchola-400x299.jpg 400w, https:\/\/culturaclasica.net\/ludi_saguntini\/wp-content\/uploads\/2017\/11\/Olimposchola-600x449.jpg 600w, https:\/\/culturaclasica.net\/ludi_saguntini\/wp-content\/uploads\/2017\/11\/Olimposchola.jpg 701w\" sizes=\"(max-width: 800px) 100vw, 300px\" \/><\/span><div class=\"fusion-clearfix\"><\/div>\n\n\t\t\t\t\t<\/div>\n\t\t\t\t<\/div><\/div><\/div><\/p>","protected":false},"excerpt":{"rendered":"","protected":false},"author":4,"featured_media":0,"parent":0,"menu_order":0,"comment_status":"closed","ping_status":"closed","template":"","meta":{"footnotes":""},"_links":{"self":[{"href":"https:\/\/culturaclasica.net\/ludi_saguntini\/ca\/wp-json\/wp\/v2\/pages\/1470"}],"collection":[{"href":"https:\/\/culturaclasica.net\/ludi_saguntini\/ca\/wp-json\/wp\/v2\/pages"}],"about":[{"href":"https:\/\/culturaclasica.net\/ludi_saguntini\/ca\/wp-json\/wp\/v2\/types\/page"}],"author":[{"embeddable":true,"href":"https:\/\/culturaclasica.net\/ludi_saguntini\/ca\/wp-json\/wp\/v2\/users\/4"}],"replies":[{"embeddable":true,"href":"https:\/\/culturaclasica.net\/ludi_saguntini\/ca\/wp-json\/wp\/v2\/comments?post=1470"}],"version-history":[{"count":9,"href":"https:\/\/culturaclasica.net\/ludi_saguntini\/ca\/wp-json\/wp\/v2\/pages\/1470\/revisions"}],"predecessor-version":[{"id":2149,"href":"https:\/\/culturaclasica.net\/ludi_saguntini\/ca\/wp-json\/wp\/v2\/pages\/1470\/revisions\/2149"}],"wp:attachment":[{"href":"https:\/\/culturaclasica.net\/ludi_saguntini\/ca\/wp-json\/wp\/v2\/media?parent=1470"}],"curies":[{"name":"wp","href":"https:\/\/api.w.org\/{rel}","templated":true}]}}