{"id":1467,"date":"2017-11-20T15:59:17","date_gmt":"2017-11-20T14:59:17","guid":{"rendered":"https:\/\/culturaclasica.net\/ludi_saguntini\/?page_id=1467"},"modified":"2026-03-12T19:28:03","modified_gmt":"2026-03-12T18:28:03","slug":"taller-de-las-etapas-de-la-vida-aetates-hominis-infantia","status":"publish","type":"page","link":"https:\/\/culturaclasica.net\/ludi_saguntini\/ca\/taller-de-las-etapas-de-la-vida-aetates-hominis-infantia\/","title":{"rendered":"Taller de les etapes de la vida \u00abAetates hominis\u00bb"},"content":{"rendered":"<p><div class=\"fusion-fullwidth fullwidth-box nonhundred-percent-fullwidth non-hundred-percent-height-scrolling\"  style='background-color: rgba(255,255,255,0);background-position: center center;background-repeat: no-repeat;padding-top:0px;padding-right:0px;padding-bottom:0px;padding-left:0px;'><div class=\"fusion-builder-row fusion-row \"><div  class=\"fusion-layout-column fusion_builder_column fusion_builder_column_1_1  fusion-one-full fusion-column-first fusion-column-last 1_1\"  style='margin-top:0px;margin-bottom:0px;'>\n\t\t\t\t\t<div class=\"fusion-column-wrapper\" style=\"background-position:left top;background-repeat:no-repeat;-webkit-background-size:cover;-moz-background-size:cover;-o-background-size:cover;background-size:cover;\"  data-bg-url=\"\">\n\t\t\t\t\t\t<div class=\"fusion-text\"><div>\n<h4 style=\"text-align: center;\">Taller de les etapes de la vida \u00abAetates hominis: Infantia\u00bb<\/h4>\n<p>Est\u00e0 realitzat per les professores d&#8217;educaci\u00f3 secund\u00e0ria Salut Ferr\u00eds (IES Consuelo Aranda, Alberic), Llu\u00efsa Merino (IES C\u00e0rcer), i Amparo Moreno (IES Benlliure de Val\u00e8ncia, actualment a l&#8217;Aula did\u00e0ctica de cultura cl\u00e0ssica, SAGUNTINA DOMUS BAEBIA), amb la col\u00b7laboraci\u00f3 d&#8217;Irene Aparicio (IES Enguera), Cristina Tejedor (IES Maria Moliner, del Puerto de Sagunto), Ana Herrador (IES Andreu Alfaro,\u00a0 de Paiporta),\u00a0Eduardo Calabuig (IES Violant de Casalduch, de Benicassim),\u00a0 Aida Mu\u00f1oz (IES Tierno Galv\u00e1n, de Moncada),\u00a0Mireia V\u00e9lez (IES C\u00e1rcer).<\/p>\n<p>Despr\u00e9s d&#8217;un recorregut per les diferents etapes de la vida, les seues caracter\u00edstiques pr\u00f2pies i els ritus de pas necessaris per a continuar creixent i madurant, com s\u00f3n el naixement, la inf\u00e0ncia, la presa de la toga viril, el matrimoni, la carrera pol\u00edtica, el treball i finalment, la vellesa i la mort, ens centrarem en l&#8217;estudi de la vida d&#8217;un xiquet, recorrent els primers dies de vida: el <em>dies natalis<\/em>, <em>dies lustricus<\/em>. L&#8217;activitat consisteix en l&#8217;elaboraci\u00f3 d&#8217;una <em>bulla<\/em>, l&#8217;amulet que portaven els xiquets romans des del <em>dies lustricus<\/em> fins als 16 o 17 anys, o d&#8217;un anell natalici.<\/p>\n<p>OBJECTIU: Descobrir com vivien la seua inf\u00e0ncia els xiquets i xiquetes romanes.<\/p>\n<p>ESTRUCTURA: El taller consta de les seg\u00fcents parts:<\/p>\n<p>1. EXPOSITIVA I INFORMATIVA secundada per r\u00e8pliques d&#8217;objectes, material did\u00e0ctic i maquetes i panells il\u00b7lustratius.<\/p>\n<p>I. Naixement:<\/p>\n<ul>\n<li>Acceptaci\u00f3, exposici\u00f3 del nounat.<\/li>\n<li>Primeres cures: bany, massatge, vestit.<\/li>\n<li>Alimentaci\u00f3.<\/li>\n<li>D\u00e9us protectors.<\/li>\n<\/ul>\n<p>II. <em>Dies lustricus<\/em><\/p>\n<ul>\n<li>Cerim\u00f2nia privada: imposici\u00f3 del nom i <em>bulla<\/em>.<\/li>\n<li>Regals i primers joguets.<\/li>\n<\/ul>\n<p>2. MANIPULATIVA<\/p>\n<p>Panell des del naixement fins al dies lustricus. Com t&#8217;anomenaries a Roma? panell dels tria nomina llatins.<\/p>\n<p>3. TALLER AETATES HOMINIS: INFANTIA<\/p>\n<p>Els assistents podran participar en la recreaci\u00f3 de diferents moments de la <em>infantia<\/em>, i realitzar amb posterioritat la <em>bulla<\/em> o l&#8217;anell natalici.<\/p>\n<\/div>\n<div><\/div>\n<\/div><span class=\"fusion-imageframe imageframe-none imageframe-2 hover-type-none\"><img loading=\"lazy\" decoding=\"async\" src=\"https:\/\/culturaclasica.net\/ludi_saguntini\/wp-content\/uploads\/2017\/11\/aetatis-300x169.jpg\" width=\"300\" height=\"169\" alt=\"\" title=\"aetatis\" class=\"img-responsive wp-image-1468\" srcset=\"https:\/\/culturaclasica.net\/ludi_saguntini\/wp-content\/uploads\/2017\/11\/aetatis-200x113.jpg 200w, https:\/\/culturaclasica.net\/ludi_saguntini\/wp-content\/uploads\/2017\/11\/aetatis.jpg 381w\" sizes=\"(max-width: 800px) 100vw, 300px\" \/><\/span><div class=\"fusion-clearfix\"><\/div>\n\n\t\t\t\t\t<\/div>\n\t\t\t\t<\/div><\/div><\/div><\/p>","protected":false},"excerpt":{"rendered":"","protected":false},"author":4,"featured_media":0,"parent":0,"menu_order":0,"comment_status":"closed","ping_status":"closed","template":"","meta":{"footnotes":""},"_links":{"self":[{"href":"https:\/\/culturaclasica.net\/ludi_saguntini\/ca\/wp-json\/wp\/v2\/pages\/1467"}],"collection":[{"href":"https:\/\/culturaclasica.net\/ludi_saguntini\/ca\/wp-json\/wp\/v2\/pages"}],"about":[{"href":"https:\/\/culturaclasica.net\/ludi_saguntini\/ca\/wp-json\/wp\/v2\/types\/page"}],"author":[{"embeddable":true,"href":"https:\/\/culturaclasica.net\/ludi_saguntini\/ca\/wp-json\/wp\/v2\/users\/4"}],"replies":[{"embeddable":true,"href":"https:\/\/culturaclasica.net\/ludi_saguntini\/ca\/wp-json\/wp\/v2\/comments?post=1467"}],"version-history":[{"count":17,"href":"https:\/\/culturaclasica.net\/ludi_saguntini\/ca\/wp-json\/wp\/v2\/pages\/1467\/revisions"}],"predecessor-version":[{"id":2417,"href":"https:\/\/culturaclasica.net\/ludi_saguntini\/ca\/wp-json\/wp\/v2\/pages\/1467\/revisions\/2417"}],"wp:attachment":[{"href":"https:\/\/culturaclasica.net\/ludi_saguntini\/ca\/wp-json\/wp\/v2\/media?parent=1467"}],"curies":[{"name":"wp","href":"https:\/\/api.w.org\/{rel}","templated":true}]}}