{"id":1458,"date":"2017-11-19T22:36:46","date_gmt":"2017-11-19T21:36:46","guid":{"rendered":"https:\/\/culturaclasica.net\/ludi_saguntini\/?page_id=1458"},"modified":"2026-03-12T19:29:11","modified_gmt":"2026-03-12T18:29:11","slug":"taller-de-joyeria-antiqua-ornamenta","status":"publish","type":"page","link":"https:\/\/culturaclasica.net\/ludi_saguntini\/ca\/taller-de-joyeria-antiqua-ornamenta\/","title":{"rendered":"Taller de joieria &#8220;Antiqua ornamenta&#8221;"},"content":{"rendered":"<p><div class=\"fusion-fullwidth fullwidth-box nonhundred-percent-fullwidth non-hundred-percent-height-scrolling\"  style='background-color: rgba(255,255,255,0);background-position: center center;background-repeat: no-repeat;padding-top:0px;padding-right:0px;padding-bottom:0px;padding-left:0px;'><div class=\"fusion-builder-row fusion-row \"><div  class=\"fusion-layout-column fusion_builder_column fusion_builder_column_1_1  fusion-one-full fusion-column-first fusion-column-last 1_1\"  style='margin-top:0px;margin-bottom:0px;'>\n\t\t\t\t\t<div class=\"fusion-column-wrapper\" style=\"background-position:left top;background-repeat:no-repeat;-webkit-background-size:cover;-moz-background-size:cover;-o-background-size:cover;background-size:cover;\"  data-bg-url=\"\">\n\t\t\t\t\t\t<div class=\"fusion-text\"><h2>Taller de joyer\u00eda \u00abAntiqua ornamenta\u00bb<\/h2>\n<\/div><div class=\"fusion-clearfix\"><\/div>\n\n\t\t\t\t\t<\/div>\n\t\t\t\t<\/div><div  class=\"fusion-layout-column fusion_builder_column fusion_builder_column_1_1  fusion-one-full fusion-column-first fusion-column-last 1_1\"  style='margin-top:0px;margin-bottom:0px;'>\n\t\t\t\t\t<div class=\"fusion-column-wrapper\" style=\"background-position:left top;background-repeat:no-repeat;-webkit-background-size:cover;-moz-background-size:cover;-o-background-size:cover;background-size:cover;\"  data-bg-url=\"\">\n\t\t\t\t\t\t<div class=\"fusion-text\"><p align=\"JUSTIFY\">Est\u00e1 realizado por las profesoras de educaci\u00f3n secundaria Salut Ferr\u00eds (IES Consuelo Aranda, Alberic), Llu\u00efsa Merino (IES C\u00e0rcer), Charo Marco (IES Ausias March de Manises, actualmente en el Aula did\u00e1ctica de cultura cl\u00e1sica,\u00a0<a href=\"http:\/\/domusbaebia.blogspot.com\/\" target=\"_blank\" rel=\"noopener noreferrer\">SAGUNTINA DOMUS BAEBIA<\/a>) y Amparo Moreno (IES Benlliure de Valencia, tambi\u00e9n en la\u00a0<a href=\"http:\/\/domusbaebia.blogspot.com\/\" target=\"_blank\" rel=\"noopener noreferrer\">SAGUNTINA DOMUS BAEBIA<\/a>), con la colaboraci\u00f3n de Irene Aparicio (IES Enguera), Cristina Tejedor (IES Maria Moliner, del Puerto de Sagunto), Ana Herrador (IES Andreu Alfaro,\u00a0 de Paiporta),\u00a0Eduardo Calabuig (IES Violant de Casalduch, de Benicassim),\u00a0 Aida Mu\u00f1oz (IES Tierno Galv\u00e1n, de Moncada),\u00a0Mireia V\u00e9lez (IES C\u00e1rcer).<\/p>\n<p align=\"JUSTIFY\">En la explicaci\u00f3n nos centraremos en la actividad de un taller de orfebres romanos deteni\u00e9ndonos en los diferentes materiales y las t\u00e9cnicas de joyer\u00eda necesarias para trabajarlos de manera art\u00edstica. Conoceremos los \u00fatiles necesarios para este trabajo, balanza, piedra de toque, moldes, herramientas, piedras preciosas, etc. Posteriormente, se explicar\u00e1n los principales tipos de joyas de hombres y mujeres, bas\u00e1ndonos en las r\u00e9plicas del taller<\/p>\n<p align=\"JUSTIFY\"><strong>OBJETIVO<\/strong>: Descubrir c\u00f3mo se elaboraban las\u00a0joyas\u00a0m\u00e1s\u00a0caracter\u00edsticas\u00a0de \u00e9poca grecorromana y su tipolog\u00eda<\/p>\n<p align=\"JUSTIFY\"><strong>ESTRUCTURA<\/strong>: El taller consta de las siguientes partes:<\/p>\n<p align=\"JUSTIFY\"><strong>1. EXPOSITIVA E INFORMATIVA\u00a0<\/strong>apoyada por r\u00e9plicas de objetos, material did\u00e1ctico y maquetas y paneles ilustrativos.<\/p>\n<p align=\"JUSTIFY\">I.\u00a0<em>Aurificina<\/em>, el taller del joyero<\/p>\n<ol>\n<li style=\"list-style-type: none;\">\n<ul>\n<li style=\"list-style-type: none;\">\n<ul>\n<li>\n<p align=\"JUSTIFY\">Artesanos y sus\u00a0especialidades<\/p>\n<\/li>\n<li>\n<p align=\"JUSTIFY\">Materiales: oro, plata y piedras preciosas.<\/p>\n<\/li>\n<\/ul>\n<\/li>\n<\/ul>\n<\/li>\n<li>\n<p align=\"JUSTIFY\">Herramientas del joyero<\/p>\n<\/li>\n<li>\n<p align=\"JUSTIFY\">T\u00e9cnicas de joyer\u00eda<\/p>\n<\/li>\n<li>\n<p align=\"JUSTIFY\">II.<em>Taberna ornamentarum<\/em>. Tipos de joyas<\/p>\n<\/li>\n<li>\n<p align=\"JUSTIFY\"><em>Inaures<\/em>, pendientes<\/p>\n<\/li>\n<li>\n<p align=\"JUSTIFY\"><em>Anuli<\/em>, anillos<\/p>\n<\/li>\n<li>\n<p align=\"JUSTIFY\"><em>Monilia<\/em>, collares.<\/p>\n<\/li>\n<li>\n<p align=\"JUSTIFY\">Armillae, pulseras<\/p>\n<\/li>\n<li>\n<p align=\"JUSTIFY\"><em>Fibulae,<\/em>\u00a0broches<\/p>\n<\/li>\n<li>\n<p align=\"JUSTIFY\">Adornos del pelo<\/p>\n<p align=\"JUSTIFY\"><strong>2. MANIPULATIVA<\/strong><\/p>\n<p align=\"JUSTIFY\">Paneles ilustrativos de las t\u00e9cnicas y la tipolog\u00eda de las joyas, c\u00f3mo se utilizaba la balanza del joyero, probarse r\u00e9plicas de joyas, c\u00f3mo se realizaban las diferentes t\u00e9cnicas, c\u00f3mo diferenciar las principales piedras preciosas, etc.<\/p>\n<div class=\"m_-8730211424617483140m_-8167022159748328932gmail-yj6qo m_-8730211424617483140m_-8167022159748328932gmail-ajU\">\n<div id=\"m_-8730211424617483140m_-8167022159748328932gmail-:13o\" class=\"m_-8730211424617483140m_-8167022159748328932gmail-ajR\"><img decoding=\"async\" class=\"m_-8730211424617483140m_-8167022159748328932gmail-ajT CToWUd\" src=\"https:\/\/ci6.googleusercontent.com\/proxy\/RnNZfQn2o2xpggJQqefCOervMbPIci5mujDPJnvl43kv6Rtxjyh5gHN_JKVzeU-aaGz3pePFgxfoAAtZJZNx8mveVTc-11j98EfuAJVcumUenA=s0-d-e1-ft#https:\/\/ssl.gstatic.com\/ui\/v1\/icons\/mail\/images\/cleardot.gif\" border=\"0\" \/><\/div>\n<\/div>\n<div class=\"m_-8730211424617483140m_-8167022159748328932gmail-adL\">\n<p align=\"JUSTIFY\"><strong>3. TALLER ANTIQUA ORNAMENTA<\/strong><\/p>\n<p align=\"JUSTIFY\">Los asistentes podr\u00e1n participar en la recreaci\u00f3n de la visita a una\u00a0<em>taberna ornamentarum<\/em>\u00a0y realizar una peque\u00f1a r\u00e9plica de un ornamento, un colgante, un anillo.<\/p>\n<\/div>\n<\/li>\n<\/ol>\n<\/div><div class=\"imageframe-align-center\"><span class=\"fusion-imageframe imageframe-none imageframe-3 hover-type-none\"><img loading=\"lazy\" decoding=\"async\" src=\"https:\/\/culturaclasica.net\/ludi_saguntini\/wp-content\/uploads\/2022\/12\/joyeri\u0301a-salut-225x300.jpg\" width=\"225\" height=\"300\" alt=\"\" title=\"joyeri\u0301a- salut\" class=\"img-responsive wp-image-2039\" srcset=\"https:\/\/culturaclasica.net\/ludi_saguntini\/wp-content\/uploads\/2022\/12\/joyeri\u0301a-salut-200x267.jpg 200w, https:\/\/culturaclasica.net\/ludi_saguntini\/wp-content\/uploads\/2022\/12\/joyeri\u0301a-salut-400x533.jpg 400w, https:\/\/culturaclasica.net\/ludi_saguntini\/wp-content\/uploads\/2022\/12\/joyeri\u0301a-salut-600x800.jpg 600w, https:\/\/culturaclasica.net\/ludi_saguntini\/wp-content\/uploads\/2022\/12\/joyeri\u0301a-salut-800x1067.jpg 800w, https:\/\/culturaclasica.net\/ludi_saguntini\/wp-content\/uploads\/2022\/12\/joyeri\u0301a-salut.jpg 1200w\" sizes=\"(max-width: 800px) 100vw, 225px\" \/><\/span><\/div><div class=\"fusion-clearfix\"><\/div>\n\n\t\t\t\t\t<\/div>\n\t\t\t\t<\/div><div  class=\"fusion-layout-column fusion_builder_column fusion_builder_column_1_1  fusion-one-full fusion-column-first fusion-column-last 1_1\"  style='margin-top:0px;margin-bottom:0px;'>\n\t\t\t\t\t<div class=\"fusion-column-wrapper\" style=\"background-position:left top;background-repeat:no-repeat;-webkit-background-size:cover;-moz-background-size:cover;-o-background-size:cover;background-size:cover;\"  data-bg-url=\"\">\n\t\t\t\t\t\t<div class=\"fusion-text\"><p align=\"JUSTIFY\">Est\u00e1 realizado por las profesoras de educaci\u00f3n secundaria Salut Ferr\u00eds (IES Consuelo Aranda, Alberic), Llu\u00efsa Merino (IES C\u00e0rcer), Charo Marco (IES Ausias March de Manises, actualmente en el Aula did\u00e1ctica de cultura cl\u00e1sica,\u00a0<a href=\"http:\/\/domusbaebia.blogspot.com\/\" target=\"_blank\" rel=\"noopener noreferrer\">SAGUNTINA DOMUS BAEBIA<\/a>) y Amparo Moreno (IES Benlliure de Valencia, tambi\u00e9n en la\u00a0<a href=\"http:\/\/domusbaebia.blogspot.com\/\" target=\"_blank\" rel=\"noopener noreferrer\">SAGUNTINA DOMUS BAEBIA<\/a>), con la colaboraci\u00f3n de Irene Aparicio, Eli Lluch, Cristina Tejedor y Aar\u00f3n S\u00e1nchez.<\/p>\n<p align=\"JUSTIFY\">En la explicaci\u00f3n nos centraremos en la actividad de un taller de orfebres romanos deteni\u00e9ndonos en los diferentes materiales y las t\u00e9cnicas de joyer\u00eda necesarias para trabajarlos de manera art\u00edstica. Conoceremos los \u00fatiles necesarios para este trabajo, balanza, piedra de toque, moldes, herramientas, piedras preciosas, etc. Posteriormente, se explicar\u00e1n los principales tipos de joyas de hombres y mujeres, bas\u00e1ndonos en las r\u00e9plicas del taller<\/p>\n<p align=\"JUSTIFY\"><strong>OBJETIVO<\/strong>: Descubrir c\u00f3mo se elaboraban las\u00a0joyas\u00a0m\u00e1s\u00a0caracter\u00edsticas\u00a0de \u00e9poca grecorromana y su tipolog\u00eda<\/p>\n<p align=\"JUSTIFY\"><strong>ESTRUCTURA<\/strong>: El taller consta de las siguientes partes:<\/p>\n<p align=\"JUSTIFY\"><strong>1. EXPOSITIVA E INFORMATIVA\u00a0<\/strong>apoyada por r\u00e9plicas de objetos, material did\u00e1ctico y maquetas y paneles ilustrativos.<\/p>\n<p align=\"JUSTIFY\">I.\u00a0<em>Aurificina<\/em>, el taller del joyero<\/p>\n<ol>\n<li style=\"list-style-type: none;\">\n<ul>\n<li style=\"list-style-type: none;\">\n<ul>\n<li>\n<p align=\"JUSTIFY\">Artesanos y sus\u00a0especialidades<\/p>\n<\/li>\n<li>\n<p align=\"JUSTIFY\">Materiales: oro, plata y piedras preciosas.<\/p>\n<\/li>\n<\/ul>\n<\/li>\n<\/ul>\n<\/li>\n<li>\n<p align=\"JUSTIFY\">Herramientas del joyero<\/p>\n<\/li>\n<li>\n<p align=\"JUSTIFY\">T\u00e9cnicas de joyer\u00eda<\/p>\n<\/li>\n<li>\n<p align=\"JUSTIFY\">II.<em>Taberna ornamentarum<\/em>. Tipos de joyas<\/p>\n<\/li>\n<li>\n<p align=\"JUSTIFY\"><em>Inaures<\/em>, pendientes<\/p>\n<\/li>\n<li>\n<p align=\"JUSTIFY\"><em>Anuli<\/em>, anillos<\/p>\n<\/li>\n<li>\n<p align=\"JUSTIFY\"><em>Monilia<\/em>, collares.<\/p>\n<\/li>\n<li>\n<p align=\"JUSTIFY\">Armillae, pulseras<\/p>\n<\/li>\n<li>\n<p align=\"JUSTIFY\"><em>Fibulae,<\/em>\u00a0broches<\/p>\n<\/li>\n<li>\n<p align=\"JUSTIFY\">Adornos del pelo<\/p>\n<p align=\"JUSTIFY\"><strong>2. MANIPULATIVA<\/strong><\/p>\n<p align=\"JUSTIFY\">Paneles ilustrativos de las t\u00e9cnicas y la tipolog\u00eda de las joyas, c\u00f3mo se utilizaba la balanza del joyero, probarse r\u00e9plicas de joyas, c\u00f3mo se realizaban las diferentes t\u00e9cnicas, c\u00f3mo diferenciar las principales piedras preciosas, etc.<\/p>\n<div class=\"m_-8730211424617483140m_-8167022159748328932gmail-yj6qo m_-8730211424617483140m_-8167022159748328932gmail-ajU\">\n<div id=\"m_-8730211424617483140m_-8167022159748328932gmail-:13o\" class=\"m_-8730211424617483140m_-8167022159748328932gmail-ajR\"><img decoding=\"async\" class=\"m_-8730211424617483140m_-8167022159748328932gmail-ajT CToWUd\" src=\"https:\/\/ci6.googleusercontent.com\/proxy\/RnNZfQn2o2xpggJQqefCOervMbPIci5mujDPJnvl43kv6Rtxjyh5gHN_JKVzeU-aaGz3pePFgxfoAAtZJZNx8mveVTc-11j98EfuAJVcumUenA=s0-d-e1-ft#https:\/\/ssl.gstatic.com\/ui\/v1\/icons\/mail\/images\/cleardot.gif\" border=\"0\" \/><\/div>\n<\/div>\n<div class=\"m_-8730211424617483140m_-8167022159748328932gmail-adL\">\n<p align=\"JUSTIFY\"><strong>3. TALLER ANTIQUA ORNAMENTA<\/strong><\/p>\n<p align=\"JUSTIFY\">Los asistentes podr\u00e1n participar en la recreaci\u00f3n de la visita a una\u00a0<em>taberna ornamentarum<\/em>\u00a0y realizar una peque\u00f1a r\u00e9plica de un ornamento, un colgante, un anillo.<\/p>\n<\/div>\n<\/li>\n<\/ol>\n<\/div><div class=\"imageframe-align-center\"><span class=\"fusion-imageframe imageframe-none imageframe-4 hover-type-none\"><img loading=\"lazy\" decoding=\"async\" src=\"https:\/\/culturaclasica.net\/ludi_saguntini\/wp-content\/uploads\/2022\/12\/joyeri\u0301a-salut-225x300.jpg\" width=\"225\" height=\"300\" alt=\"\" title=\"joyeri\u0301a- salut\" class=\"img-responsive wp-image-2039\" srcset=\"https:\/\/culturaclasica.net\/ludi_saguntini\/wp-content\/uploads\/2022\/12\/joyeri\u0301a-salut-200x267.jpg 200w, https:\/\/culturaclasica.net\/ludi_saguntini\/wp-content\/uploads\/2022\/12\/joyeri\u0301a-salut-400x533.jpg 400w, https:\/\/culturaclasica.net\/ludi_saguntini\/wp-content\/uploads\/2022\/12\/joyeri\u0301a-salut-600x800.jpg 600w, https:\/\/culturaclasica.net\/ludi_saguntini\/wp-content\/uploads\/2022\/12\/joyeri\u0301a-salut-800x1067.jpg 800w, https:\/\/culturaclasica.net\/ludi_saguntini\/wp-content\/uploads\/2022\/12\/joyeri\u0301a-salut.jpg 1200w\" sizes=\"(max-width: 800px) 100vw, 225px\" \/><\/span><\/div><div class=\"fusion-clearfix\"><\/div>\n\n\t\t\t\t\t<\/div>\n\t\t\t\t<\/div><\/div><\/div><\/p>","protected":false},"excerpt":{"rendered":"","protected":false},"author":4,"featured_media":0,"parent":0,"menu_order":0,"comment_status":"closed","ping_status":"closed","template":"","meta":{"footnotes":""},"_links":{"self":[{"href":"https:\/\/culturaclasica.net\/ludi_saguntini\/ca\/wp-json\/wp\/v2\/pages\/1458"}],"collection":[{"href":"https:\/\/culturaclasica.net\/ludi_saguntini\/ca\/wp-json\/wp\/v2\/pages"}],"about":[{"href":"https:\/\/culturaclasica.net\/ludi_saguntini\/ca\/wp-json\/wp\/v2\/types\/page"}],"author":[{"embeddable":true,"href":"https:\/\/culturaclasica.net\/ludi_saguntini\/ca\/wp-json\/wp\/v2\/users\/4"}],"replies":[{"embeddable":true,"href":"https:\/\/culturaclasica.net\/ludi_saguntini\/ca\/wp-json\/wp\/v2\/comments?post=1458"}],"version-history":[{"count":14,"href":"https:\/\/culturaclasica.net\/ludi_saguntini\/ca\/wp-json\/wp\/v2\/pages\/1458\/revisions"}],"predecessor-version":[{"id":2419,"href":"https:\/\/culturaclasica.net\/ludi_saguntini\/ca\/wp-json\/wp\/v2\/pages\/1458\/revisions\/2419"}],"wp:attachment":[{"href":"https:\/\/culturaclasica.net\/ludi_saguntini\/ca\/wp-json\/wp\/v2\/media?parent=1458"}],"curies":[{"name":"wp","href":"https:\/\/api.w.org\/{rel}","templated":true}]}}