{"id":1439,"date":"2017-11-19T22:10:16","date_gmt":"2017-11-19T21:10:16","guid":{"rendered":"https:\/\/culturaclasica.net\/ludi_saguntini\/?page_id=1439"},"modified":"2022-12-03T12:15:08","modified_gmt":"2022-12-03T11:15:08","slug":"taller-de-indumentaria-griega-y-romana-fibulae","status":"publish","type":"page","link":"https:\/\/culturaclasica.net\/ludi_saguntini\/ca\/taller-de-indumentaria-griega-y-romana-fibulae\/","title":{"rendered":"Taller d&#8217;indument\u00e0ria grega i romana \u00abFibulae\u00bb"},"content":{"rendered":"<p><div class=\"fusion-fullwidth fullwidth-box nonhundred-percent-fullwidth non-hundred-percent-height-scrolling\"  style='background-color: rgba(255,255,255,0);background-position: center center;background-repeat: no-repeat;padding-top:0px;padding-right:0px;padding-bottom:0px;padding-left:0px;'><div class=\"fusion-builder-row fusion-row \"><div  class=\"fusion-layout-column fusion_builder_column fusion_builder_column_1_1  fusion-one-full fusion-column-first fusion-column-last 1_1\"  style='margin-top:0px;margin-bottom:0px;'>\n\t\t\t\t\t<div class=\"fusion-column-wrapper\" style=\"background-position:left top;background-repeat:no-repeat;-webkit-background-size:cover;-moz-background-size:cover;-o-background-size:cover;background-size:cover;\"  data-bg-url=\"\">\n\t\t\t\t\t\t<div class=\"fusion-text\"><h2>Taller de indumentaria griega y romana \u00abFibulae\u00bb<\/h2>\n<div id=\"gtx-trans\" style=\"position: absolute; left: 72px; top: -9.22396px;\">\n<div class=\"gtx-trans-icon\"><\/div>\n<\/div>\n<\/div><div class=\"fusion-text\"><h4 style=\"text-align: center;\" align=\"justify\">Taller d&#8217;indument\u00e0ria grega i romana \u00abFibulae\u00bb<\/h4>\n<p align=\"justify\">Ideat i posat en marxa per Conxa Pont, professora d&#8217;ensenyament secundari de l&#8217;IES La Patacona (Alboraia, Val\u00e8ncia) durant diversos anys s&#8217;ha realitzat gr\u00e0cies a la col\u00b7laboraci\u00f3 de Blanca G\u00e1lvez, llicenciada en Hist\u00f2ria i de Celina Blasco. A partir del curs 2022-23 s&#8217;encarregaran Eva Ferriols, Amparo Gasent, Javier M\u00e9ndez i Carmen Rabad\u00e1n.<\/p>\n<p align=\"justify\">El taller d&#8217;indument\u00e0ria grecoromana ens mostra la simplicitat i complexitat a l&#8217;una del atrezzo dels antics grecs i romans, fent un estudi, no sols dels seus vestits sin\u00f3 tamb\u00e9 dels pentinats, cal\u00e7at, adre\u00e7os, etc.<\/p>\n<p align=\"justify\">OBJECTIU: Aprendre com confeccionaven a la Gr\u00e8cia i Roma cl\u00e0ssiques els seus vestits i valorar la complexitat d&#8217;aquests, realitzats amb els mitjans disponibles en l&#8217;Antiguitat Cl\u00e0ssica.<\/p>\n<p align=\"justify\">ESTRUCTURA: El taller-exposici\u00f3 consta de les seg\u00fcents parts:<\/p>\n<ul>\n<li>EXPOSITIVA I INFORMATIVA a trav\u00e9s de panells sobre els tipus de vestits i complements en l&#8217;antiguitat (Gr\u00e8cia i Roma), aix\u00ed com fotografies de tallers anteriors, la mostra d&#8217;alguns vestits confeccionats i algunes reproduccions relacionades.<\/li>\n<li>TALLER D&#8217;INDUMENT\u00c0RIA: En finalitzar, l\u2019alumnat podr\u00e0 realitzar una <em>bulla<\/em>, que era un dels complements t\u00edpics de la societat romana. Un amulet que acompanyava als xiquets romans des que naixien fins que aconseguien la maduresa.<\/li>\n<\/ul>\n<\/div><span class=\"fusion-imageframe imageframe-none imageframe-2 hover-type-none\"><img loading=\"lazy\" decoding=\"async\" src=\"https:\/\/culturaclasica.net\/ludi_saguntini\/wp-content\/uploads\/2017\/11\/indumentaria-300x225.jpg\" width=\"300\" height=\"225\" alt=\"\" title=\"indumentaria\" class=\"img-responsive wp-image-1440\" srcset=\"https:\/\/culturaclasica.net\/ludi_saguntini\/wp-content\/uploads\/2017\/11\/indumentaria-200x150.jpg 200w, https:\/\/culturaclasica.net\/ludi_saguntini\/wp-content\/uploads\/2017\/11\/indumentaria-400x300.jpg 400w, https:\/\/culturaclasica.net\/ludi_saguntini\/wp-content\/uploads\/2017\/11\/indumentaria-600x450.jpg 600w, https:\/\/culturaclasica.net\/ludi_saguntini\/wp-content\/uploads\/2017\/11\/indumentaria.jpg 640w\" sizes=\"(max-width: 800px) 100vw, 300px\" \/><\/span><div class=\"fusion-clearfix\"><\/div>\n\n\t\t\t\t\t<\/div>\n\t\t\t\t<\/div><\/div><\/div><\/p>","protected":false},"excerpt":{"rendered":"","protected":false},"author":4,"featured_media":0,"parent":0,"menu_order":0,"comment_status":"closed","ping_status":"closed","template":"","meta":{"footnotes":""},"_links":{"self":[{"href":"https:\/\/culturaclasica.net\/ludi_saguntini\/ca\/wp-json\/wp\/v2\/pages\/1439"}],"collection":[{"href":"https:\/\/culturaclasica.net\/ludi_saguntini\/ca\/wp-json\/wp\/v2\/pages"}],"about":[{"href":"https:\/\/culturaclasica.net\/ludi_saguntini\/ca\/wp-json\/wp\/v2\/types\/page"}],"author":[{"embeddable":true,"href":"https:\/\/culturaclasica.net\/ludi_saguntini\/ca\/wp-json\/wp\/v2\/users\/4"}],"replies":[{"embeddable":true,"href":"https:\/\/culturaclasica.net\/ludi_saguntini\/ca\/wp-json\/wp\/v2\/comments?post=1439"}],"version-history":[{"count":9,"href":"https:\/\/culturaclasica.net\/ludi_saguntini\/ca\/wp-json\/wp\/v2\/pages\/1439\/revisions"}],"predecessor-version":[{"id":2050,"href":"https:\/\/culturaclasica.net\/ludi_saguntini\/ca\/wp-json\/wp\/v2\/pages\/1439\/revisions\/2050"}],"wp:attachment":[{"href":"https:\/\/culturaclasica.net\/ludi_saguntini\/ca\/wp-json\/wp\/v2\/media?parent=1439"}],"curies":[{"name":"wp","href":"https:\/\/api.w.org\/{rel}","templated":true}]}}